{"id":839,"date":"2021-03-25T11:54:50","date_gmt":"2021-03-25T09:54:50","guid":{"rendered":"https:\/\/www.euroket.fi\/kauppa\/?post_type=product&#038;p=839"},"modified":"2022-12-13T11:45:59","modified_gmt":"2022-12-13T09:45:59","slug":"10x28mm-din-766hdg-kuumasinkitty-veneen-ankkuri-ketju","status":"publish","type":"product","link":"https:\/\/www.euroket.fi\/kauppa\/tuote\/10x28mm-din-766hdg-kuumasinkitty-veneen-ankkuri-ketju\/","title":{"rendered":"10x28mm DIN 766HDG"},"content":{"rendered":"<p>Kalibroitu kettinki veneen ankkuri vinssiin. Kuumasinkitty. Myyntier\u00e4 50 metri\u00e4. Tuotteen toimitus kulut lasketaan tilaus m\u00e4\u00e4r\u00e4n mukaan. My\u00f6s nouto mahdollinen.<\/p>\n<p>Paino 2.3 kg \/m<\/p>\n<p>Lis\u00e4tietoja ja myyntier\u00e4st\u00e4 poikkeavat pituudet:<\/p>\n<p>myynti@euroket.fi<\/p>\n<p>HUOM! Tapauksissa jossa toimitusosoite lossin takana, otathan yhteytt\u00e4 ennen tilausta: myynti@euroket.fi tai 0440724311<\/p>\n","protected":false},"excerpt":{"rendered":"<p><a href=\"https:\/\/www.euroket.fi\/kauppa\/wp-content\/uploads\/2021\/03\/Na\u0308ytto\u0308kuva-2021-5-21-kello-8.45.34.png\"><img loading=\"lazy\" decoding=\"async\" class=\"alignnone size-medium wp-image-967\" src=\"https:\/\/www.euroket.fi\/kauppa\/wp-content\/uploads\/2021\/03\/Na\u0308ytto\u0308kuva-2021-5-21-kello-8.45.34-300x151.png\" alt=\"\" width=\"300\" height=\"151\" srcset=\"https:\/\/www.euroket.fi\/kauppa\/wp-content\/uploads\/2021\/03\/Na\u0308ytto\u0308kuva-2021-5-21-kello-8.45.34-300x151.png 300w, https:\/\/www.euroket.fi\/kauppa\/wp-content\/uploads\/2021\/03\/Na\u0308ytto\u0308kuva-2021-5-21-kello-8.45.34-600x302.png 600w, https:\/\/www.euroket.fi\/kauppa\/wp-content\/uploads\/2021\/03\/Na\u0308ytto\u0308kuva-2021-5-21-kello-8.45.34-768x386.png 768w, https:\/\/www.euroket.fi\/kauppa\/wp-content\/uploads\/2021\/03\/Na\u0308ytto\u0308kuva-2021-5-21-kello-8.45.34.png 778w\" sizes=\"auto, (max-width: 300px) 100vw, 300px\" \/><\/a><\/p>\n","protected":false},"featured_media":376,"template":"","meta":[],"product_brand":[],"product_cat":[68,70],"product_tag":[77,81,80,78,79],"class_list":{"0":"post-839","1":"product","2":"type-product","3":"status-publish","4":"has-post-thumbnail","6":"product_cat-ankkuri-ketjut","7":"product_cat-veneily","8":"product_tag-ankkuriketju","9":"product_tag-din766","10":"product_tag-hdg","11":"product_tag-kalibroitu","12":"product_tag-vinssiketju","13":"product_shipping_class-kotimaa-normaali","15":"first","16":"instock","17":"featured","18":"taxable","19":"shipping-taxable","20":"purchasable","21":"product-type-simple"},"aioseo_notices":[],"_links":{"self":[{"href":"https:\/\/www.euroket.fi\/kauppa\/wp-json\/wp\/v2\/product\/839","targetHints":{"allow":["GET"]}}],"collection":[{"href":"https:\/\/www.euroket.fi\/kauppa\/wp-json\/wp\/v2\/product"}],"about":[{"href":"https:\/\/www.euroket.fi\/kauppa\/wp-json\/wp\/v2\/types\/product"}],"wp:featuredmedia":[{"embeddable":true,"href":"https:\/\/www.euroket.fi\/kauppa\/wp-json\/wp\/v2\/media\/376"}],"wp:attachment":[{"href":"https:\/\/www.euroket.fi\/kauppa\/wp-json\/wp\/v2\/media?parent=839"}],"wp:term":[{"taxonomy":"product_brand","embeddable":true,"href":"https:\/\/www.euroket.fi\/kauppa\/wp-json\/wp\/v2\/product_brand?post=839"},{"taxonomy":"product_cat","embeddable":true,"href":"https:\/\/www.euroket.fi\/kauppa\/wp-json\/wp\/v2\/product_cat?post=839"},{"taxonomy":"product_tag","embeddable":true,"href":"https:\/\/www.euroket.fi\/kauppa\/wp-json\/wp\/v2\/product_tag?post=839"}],"curies":[{"name":"wp","href":"https:\/\/api.w.org\/{rel}","templated":true}]}}