{"id":837,"date":"2021-03-25T11:48:26","date_gmt":"2021-03-25T09:48:26","guid":{"rendered":"https:\/\/www.euroket.fi\/kauppa\/?post_type=product&#038;p=837"},"modified":"2021-05-21T08:13:46","modified_gmt":"2021-05-21T06:13:46","slug":"10x28mm-din766-aisi-316-veneen-ankkuri-ketju","status":"publish","type":"product","link":"https:\/\/www.euroket.fi\/kauppa\/tuote\/10x28mm-din766-aisi-316-veneen-ankkuri-ketju\/","title":{"rendered":"10x28mm DIN766 AISI316"},"content":{"rendered":"<p>Kalibroitu kettinki veneen ankkuri vinssiin. Aisi316. Ruostumaton.\u00a0 Myynti er\u00e4 50 metri\u00e4. Tuotteen toimitus kulut lasketaan tilaus m\u00e4\u00e4r\u00e4n mukaan. My\u00f6s nouto mahdollinen.<\/p>\n<p>Paino 2,2 kg \/m<\/p>\n<p>Lis\u00e4tietoja ja myyntier\u00e4st\u00e4 poikkeavat pituudet:<\/p>\n<p>myynti@euroket.fi<\/p>\n","protected":false},"excerpt":{"rendered":"<p><a href=\"https:\/\/www.euroket.fi\/kauppa\/wp-content\/uploads\/2021\/03\/Na\u0308ytto\u0308kuva-2021-5-21-kello-8.48.31.png\"><img loading=\"lazy\" decoding=\"async\" class=\"alignnone size-medium wp-image-968\" src=\"https:\/\/www.euroket.fi\/kauppa\/wp-content\/uploads\/2021\/03\/Na\u0308ytto\u0308kuva-2021-5-21-kello-8.48.31-300x147.png\" alt=\"\" width=\"300\" height=\"147\" srcset=\"https:\/\/www.euroket.fi\/kauppa\/wp-content\/uploads\/2021\/03\/Na\u0308ytto\u0308kuva-2021-5-21-kello-8.48.31-300x147.png 300w, https:\/\/www.euroket.fi\/kauppa\/wp-content\/uploads\/2021\/03\/Na\u0308ytto\u0308kuva-2021-5-21-kello-8.48.31-600x293.png 600w, https:\/\/www.euroket.fi\/kauppa\/wp-content\/uploads\/2021\/03\/Na\u0308ytto\u0308kuva-2021-5-21-kello-8.48.31-768x375.png 768w, https:\/\/www.euroket.fi\/kauppa\/wp-content\/uploads\/2021\/03\/Na\u0308ytto\u0308kuva-2021-5-21-kello-8.48.31.png 778w\" sizes=\"auto, (max-width: 300px) 100vw, 300px\" \/><\/a><\/p>\n","protected":false},"featured_media":835,"template":"","meta":[],"product_brand":[],"product_cat":[68,70],"product_tag":[99,77,78,139,79],"class_list":{"0":"post-837","1":"product","2":"type-product","3":"status-publish","4":"has-post-thumbnail","6":"product_cat-ankkuri-ketjut","7":"product_cat-veneily","8":"product_tag-aisi316","9":"product_tag-ankkuriketju","10":"product_tag-kalibroitu","11":"product_tag-ruostumaton","12":"product_tag-vinssiketju","13":"product_shipping_class-kotimaa-normaali","15":"first","16":"onbackorder","17":"taxable","18":"shipping-taxable","19":"purchasable","20":"product-type-simple"},"aioseo_notices":[],"_links":{"self":[{"href":"https:\/\/www.euroket.fi\/kauppa\/wp-json\/wp\/v2\/product\/837","targetHints":{"allow":["GET"]}}],"collection":[{"href":"https:\/\/www.euroket.fi\/kauppa\/wp-json\/wp\/v2\/product"}],"about":[{"href":"https:\/\/www.euroket.fi\/kauppa\/wp-json\/wp\/v2\/types\/product"}],"wp:featuredmedia":[{"embeddable":true,"href":"https:\/\/www.euroket.fi\/kauppa\/wp-json\/wp\/v2\/media\/835"}],"wp:attachment":[{"href":"https:\/\/www.euroket.fi\/kauppa\/wp-json\/wp\/v2\/media?parent=837"}],"wp:term":[{"taxonomy":"product_brand","embeddable":true,"href":"https:\/\/www.euroket.fi\/kauppa\/wp-json\/wp\/v2\/product_brand?post=837"},{"taxonomy":"product_cat","embeddable":true,"href":"https:\/\/www.euroket.fi\/kauppa\/wp-json\/wp\/v2\/product_cat?post=837"},{"taxonomy":"product_tag","embeddable":true,"href":"https:\/\/www.euroket.fi\/kauppa\/wp-json\/wp\/v2\/product_tag?post=837"}],"curies":[{"name":"wp","href":"https:\/\/api.w.org\/{rel}","templated":true}]}}