{"id":395,"date":"2021-03-31T09:54:21","date_gmt":"2021-03-31T07:54:21","guid":{"rendered":"https:\/\/www.euroket.fi\/kauppa\/?post_type=product&#038;p=395"},"modified":"2022-12-13T12:23:23","modified_gmt":"2022-12-13T10:23:23","slug":"520-mx-x10-m","status":"publish","type":"product","link":"https:\/\/www.euroket.fi\/kauppa\/tuote\/520-mx-x10-m\/","title":{"rendered":"520 MX GOLD Moottoripy\u00f6r\u00e4n ketju CZ"},"content":{"rendered":"<p>Moottoripy\u00f6r\u00e4n ketju 520MX 10 metrin rullassa. Katkaise itse tarvittava m\u00e4\u00e4r\u00e4. Meilt\u00e4 my\u00f6s liittimet ja katkaisuty\u00f6kalut. Valmistaja CZ Tsekin tasavalta.<\/p>\n<p>HUOM! Tapauksissa jossa toimitusosoite lossin takana, otathan yhteytt\u00e4 ennen tilausta: myynti@euroket.fi tai 0440724311<\/p>\n","protected":false},"excerpt":{"rendered":"<p>Moottoripy\u00f6r\u00e4n ketju 520MX 10 metrin rullassa. Katkaise itse tarvittava m\u00e4\u00e4r\u00e4. Meilt\u00e4 my\u00f6s liittimet ja katkaisuty\u00f6kalut. Valmistaja CZ Tsekin tasavalta. HUOM! Tapauksissa jossa toimitusosoite lossin takana, otathan yhteytt\u00e4 ennen tilausta: myynti@euroket.fi tai 0440724311<\/p>\n","protected":false},"featured_media":396,"template":"","meta":[],"product_brand":[],"product_cat":[31],"product_tag":[84,39,32,47],"class_list":{"0":"post-395","1":"product","2":"type-product","3":"status-publish","4":"has-post-thumbnail","6":"product_cat-moottoripyoranketjut","7":"product_tag-520-mx-gold-motocross-supermoto-sarja","8":"product_tag-39","9":"product_tag-moottoripyoran-ketjut","10":"product_tag-mx","11":"product_shipping_class-kotimaa-normaali","13":"first","14":"instock","15":"taxable","16":"shipping-taxable","17":"purchasable","18":"product-type-simple"},"aioseo_notices":[],"_links":{"self":[{"href":"https:\/\/www.euroket.fi\/kauppa\/wp-json\/wp\/v2\/product\/395","targetHints":{"allow":["GET"]}}],"collection":[{"href":"https:\/\/www.euroket.fi\/kauppa\/wp-json\/wp\/v2\/product"}],"about":[{"href":"https:\/\/www.euroket.fi\/kauppa\/wp-json\/wp\/v2\/types\/product"}],"wp:featuredmedia":[{"embeddable":true,"href":"https:\/\/www.euroket.fi\/kauppa\/wp-json\/wp\/v2\/media\/396"}],"wp:attachment":[{"href":"https:\/\/www.euroket.fi\/kauppa\/wp-json\/wp\/v2\/media?parent=395"}],"wp:term":[{"taxonomy":"product_brand","embeddable":true,"href":"https:\/\/www.euroket.fi\/kauppa\/wp-json\/wp\/v2\/product_brand?post=395"},{"taxonomy":"product_cat","embeddable":true,"href":"https:\/\/www.euroket.fi\/kauppa\/wp-json\/wp\/v2\/product_cat?post=395"},{"taxonomy":"product_tag","embeddable":true,"href":"https:\/\/www.euroket.fi\/kauppa\/wp-json\/wp\/v2\/product_tag?post=395"}],"curies":[{"name":"wp","href":"https:\/\/api.w.org\/{rel}","templated":true}]}}