{"id":290,"date":"2021-03-31T13:37:17","date_gmt":"2021-03-31T11:37:17","guid":{"rendered":"https:\/\/www.euroket.fi\/kauppa\/?post_type=product&#038;p=290"},"modified":"2021-03-31T11:58:34","modified_gmt":"2021-03-31T09:58:34","slug":"ketjuliitin-jousisokallinen-520-orm-o-renkaiden-sarja","status":"publish","type":"product","link":"https:\/\/www.euroket.fi\/kauppa\/tuote\/ketjuliitin-jousisokallinen-520-orm-o-renkaiden-sarja\/","title":{"rendered":"Ketjuliitin jousisokallinen 520 ORM, O-Renkaiden sarja"},"content":{"rendered":"<p><strong>O-rengasketjut ovat korkealaatuisten Active-rengasketjujen taloudellinen vaihtoehto. Niiden ominaisuudet tyydytt\u00e4v\u00e4t useimpien asiakkaiden<\/strong><br \/>\n<strong>tarpeet. Ketjussa k\u00e4ytett\u00e4v\u00e4 O-rengastiiviste takaa riitt\u00e4v\u00e4n pitk\u00e4n k\u00e4ytt\u00f6i\u00e4n, mik\u00e4 pit\u00e4\u00e4 ostokustannukset alhaisina. Suuri vetolujuus takaa<\/strong><br \/>\n<strong>turvallisen ajon useimmissa moottoripy\u00f6rien tyypeiss\u00e4.<\/strong><\/p>\n<h3>HUOM!! Toistaiseksi postitamme liittimet vain ketjutilauksen yhteydess\u00e4.<\/h3>\n<p>&nbsp;<\/p>\n","protected":false},"excerpt":{"rendered":"<p><a href=\"https:\/\/www.euroket.fi\/kauppa\/wp-content\/uploads\/2019\/01\/ORengast.jpg\"><img loading=\"lazy\" decoding=\"async\" class=\"alignnone size-medium wp-image-218\" src=\"https:\/\/www.euroket.fi\/kauppa\/wp-content\/uploads\/2019\/01\/ORengast-300x70.jpg\" alt=\"\" width=\"300\" height=\"70\" srcset=\"https:\/\/www.euroket.fi\/kauppa\/wp-content\/uploads\/2019\/01\/ORengast-300x70.jpg 300w, https:\/\/www.euroket.fi\/kauppa\/wp-content\/uploads\/2019\/01\/ORengast-600x139.jpg 600w, https:\/\/www.euroket.fi\/kauppa\/wp-content\/uploads\/2019\/01\/ORengast-768x178.jpg 768w, https:\/\/www.euroket.fi\/kauppa\/wp-content\/uploads\/2019\/01\/ORengast-1024x237.jpg 1024w, https:\/\/www.euroket.fi\/kauppa\/wp-content\/uploads\/2019\/01\/ORengast.jpg 1436w\" sizes=\"auto, (max-width: 300px) 100vw, 300px\" \/><\/a><\/p>\n","protected":false},"featured_media":288,"template":"","meta":[],"product_brand":[],"product_cat":[31],"product_tag":[39,56,35,45,33],"class_list":{"0":"post-290","1":"product","2":"type-product","3":"status-publish","4":"has-post-thumbnail","6":"product_cat-moottoripyoranketjut","7":"product_tag-39","8":"product_tag-jousisokallinen","9":"product_tag-o-rengas","10":"product_tag-orm","11":"product_tag-street","12":"product_shipping_class-kotimaa-normaali","14":"first","15":"instock","16":"taxable","17":"shipping-taxable","18":"purchasable","19":"product-type-simple"},"aioseo_notices":[],"_links":{"self":[{"href":"https:\/\/www.euroket.fi\/kauppa\/wp-json\/wp\/v2\/product\/290","targetHints":{"allow":["GET"]}}],"collection":[{"href":"https:\/\/www.euroket.fi\/kauppa\/wp-json\/wp\/v2\/product"}],"about":[{"href":"https:\/\/www.euroket.fi\/kauppa\/wp-json\/wp\/v2\/types\/product"}],"wp:featuredmedia":[{"embeddable":true,"href":"https:\/\/www.euroket.fi\/kauppa\/wp-json\/wp\/v2\/media\/288"}],"wp:attachment":[{"href":"https:\/\/www.euroket.fi\/kauppa\/wp-json\/wp\/v2\/media?parent=290"}],"wp:term":[{"taxonomy":"product_brand","embeddable":true,"href":"https:\/\/www.euroket.fi\/kauppa\/wp-json\/wp\/v2\/product_brand?post=290"},{"taxonomy":"product_cat","embeddable":true,"href":"https:\/\/www.euroket.fi\/kauppa\/wp-json\/wp\/v2\/product_cat?post=290"},{"taxonomy":"product_tag","embeddable":true,"href":"https:\/\/www.euroket.fi\/kauppa\/wp-json\/wp\/v2\/product_tag?post=290"}],"curies":[{"name":"wp","href":"https:\/\/api.w.org\/{rel}","templated":true}]}}