{"id":285,"date":"2021-03-31T12:59:06","date_gmt":"2021-03-31T10:59:06","guid":{"rendered":"https:\/\/www.euroket.fi\/kauppa\/?post_type=product&#038;p=285"},"modified":"2021-03-31T12:00:13","modified_gmt":"2021-03-31T10:00:13","slug":"ketjuliitin-niitattava-520-orh-enduro-adventure-sarja-kopio","status":"publish","type":"product","link":"https:\/\/www.euroket.fi\/kauppa\/tuote\/ketjuliitin-niitattava-520-orh-enduro-adventure-sarja-kopio\/","title":{"rendered":"Ketjuliitin niitattava 520 ORH Enduro-\/ Adventure-sarja"},"content":{"rendered":"<p><strong>Enduro-\/Adventure-ketjusarjan teht\u00e4v\u00e4 on kest\u00e4vyys p\u00f6lyisiss\u00e4 ja lejuisissa olosuhteissa. Active-rengas- ja O-rengastiiviste ovat kest\u00e4vi\u00e4<\/strong><br \/>\n<strong>vaikeissa ajo-olosuhteissa, ja ne s\u00e4ilytt\u00e4v\u00e4t ketjun pysyv\u00e4sti hyv\u00e4ss\u00e4 kunnossa. <\/strong><strong><br \/>\n<\/strong><\/p>\n<p>HUOM!! Toistaiseksi postitamme liittimet vain ketjutilauksen yhteydess\u00e4.<\/p>\n","protected":false},"excerpt":{"rendered":"<p><a href=\"https:\/\/www.euroket.fi\/kauppa\/wp-content\/uploads\/2019\/01\/EnduroT.jpg\"><img loading=\"lazy\" decoding=\"async\" class=\"alignnone size-medium wp-image-222\" src=\"https:\/\/www.euroket.fi\/kauppa\/wp-content\/uploads\/2019\/01\/EnduroT-300x77.jpg\" alt=\"\" width=\"300\" height=\"77\" srcset=\"https:\/\/www.euroket.fi\/kauppa\/wp-content\/uploads\/2019\/01\/EnduroT-300x77.jpg 300w, https:\/\/www.euroket.fi\/kauppa\/wp-content\/uploads\/2019\/01\/EnduroT-600x154.jpg 600w, https:\/\/www.euroket.fi\/kauppa\/wp-content\/uploads\/2019\/01\/EnduroT-768x197.jpg 768w, https:\/\/www.euroket.fi\/kauppa\/wp-content\/uploads\/2019\/01\/EnduroT-1024x262.jpg 1024w, https:\/\/www.euroket.fi\/kauppa\/wp-content\/uploads\/2019\/01\/EnduroT.jpg 1467w\" sizes=\"auto, (max-width: 300px) 100vw, 300px\" \/><\/a><\/p>\n","protected":false},"featured_media":286,"template":"","meta":[],"product_brand":[],"product_cat":[31],"product_tag":[39,37,57,38,58],"class_list":{"0":"post-285","1":"product","2":"type-product","3":"status-publish","4":"has-post-thumbnail","6":"product_cat-moottoripyoranketjut","7":"product_tag-39","8":"product_tag-enduro","9":"product_tag-ketjuliitin","10":"product_tag-moottoripyoranketjut","11":"product_tag-niitattava","12":"product_shipping_class-kotimaa-normaali","14":"first","15":"instock","16":"taxable","17":"shipping-taxable","18":"purchasable","19":"product-type-simple"},"aioseo_notices":[],"_links":{"self":[{"href":"https:\/\/www.euroket.fi\/kauppa\/wp-json\/wp\/v2\/product\/285","targetHints":{"allow":["GET"]}}],"collection":[{"href":"https:\/\/www.euroket.fi\/kauppa\/wp-json\/wp\/v2\/product"}],"about":[{"href":"https:\/\/www.euroket.fi\/kauppa\/wp-json\/wp\/v2\/types\/product"}],"wp:featuredmedia":[{"embeddable":true,"href":"https:\/\/www.euroket.fi\/kauppa\/wp-json\/wp\/v2\/media\/286"}],"wp:attachment":[{"href":"https:\/\/www.euroket.fi\/kauppa\/wp-json\/wp\/v2\/media?parent=285"}],"wp:term":[{"taxonomy":"product_brand","embeddable":true,"href":"https:\/\/www.euroket.fi\/kauppa\/wp-json\/wp\/v2\/product_brand?post=285"},{"taxonomy":"product_cat","embeddable":true,"href":"https:\/\/www.euroket.fi\/kauppa\/wp-json\/wp\/v2\/product_cat?post=285"},{"taxonomy":"product_tag","embeddable":true,"href":"https:\/\/www.euroket.fi\/kauppa\/wp-json\/wp\/v2\/product_tag?post=285"}],"curies":[{"name":"wp","href":"https:\/\/api.w.org\/{rel}","templated":true}]}}