{"id":261,"date":"2021-01-08T15:08:53","date_gmt":"2021-01-08T13:08:53","guid":{"rendered":"https:\/\/www.euroket.fi\/kauppa\/?post_type=product&#038;p=261"},"modified":"2022-12-13T12:24:51","modified_gmt":"2022-12-13T10:24:51","slug":"520-mx-gold-motocross-supermoto-sarja","status":"publish","type":"product","link":"https:\/\/www.euroket.fi\/kauppa\/tuote\/520-mx-gold-motocross-supermoto-sarja\/","title":{"rendered":"520 MX Gold Motocross \/ Supermoto-sarja 120 Lenkki\u00e4"},"content":{"rendered":"<p>Motocross-\/Supermoto-ketjuissa ei ole tiivisterenkaita, koska ne on suunniteltu p\u00e4\u00e4asiassa kilpa-ajoon. Niiden suunnittelu on kevyempi ja<br \/>\nmitoiltaan kompaktimpi.<br \/>\nMX-merkinn\u00e4ll\u00e4 varustetut tyypit valmistetaan tappien CRK-pinnoitteen kanssa. T\u00e4m\u00e4 teknologia pident\u00e4\u00e4 merkitt\u00e4v\u00e4sti ketjun k\u00e4ytt\u00f6ik\u00e4\u00e4,<br \/>\nkun sit\u00e4 k\u00e4ytet\u00e4\u00e4n pidemm\u00e4ll\u00e4 aikav\u00e4lill\u00e4 p\u00f6lyisiss\u00e4 ja liejuisissa olosuhteissa.<\/p>\n<p>HUOM! Tapauksissa jossa toimitusosoite lossin takana, otathan yhteytt\u00e4 ennen tilausta: myynti@euroket.fi tai 0440724311<\/p>\n","protected":false},"excerpt":{"rendered":"<p><a href=\"https:\/\/www.euroket.fi\/kauppa\/wp-content\/uploads\/2019\/01\/Motocross4.jpg\"><img loading=\"lazy\" decoding=\"async\" class=\"alignnone size-medium wp-image-264\" src=\"https:\/\/www.euroket.fi\/kauppa\/wp-content\/uploads\/2019\/01\/Motocross4-300x62.jpg\" alt=\"\" width=\"300\" height=\"62\" srcset=\"https:\/\/www.euroket.fi\/kauppa\/wp-content\/uploads\/2019\/01\/Motocross4-300x62.jpg 300w, https:\/\/www.euroket.fi\/kauppa\/wp-content\/uploads\/2019\/01\/Motocross4-600x125.jpg 600w, https:\/\/www.euroket.fi\/kauppa\/wp-content\/uploads\/2019\/01\/Motocross4-768x160.jpg 768w, https:\/\/www.euroket.fi\/kauppa\/wp-content\/uploads\/2019\/01\/Motocross4-1024x213.jpg 1024w, https:\/\/www.euroket.fi\/kauppa\/wp-content\/uploads\/2019\/01\/Motocross4.jpg 1460w\" sizes=\"auto, (max-width: 300px) 100vw, 300px\" \/><\/a><\/p>\n","protected":false},"featured_media":262,"template":"","meta":[],"product_brand":[],"product_cat":[31],"product_tag":[39,48,50,47,49],"class_list":{"0":"post-261","1":"product","2":"type-product","3":"status-publish","4":"has-post-thumbnail","6":"product_cat-moottoripyoranketjut","7":"product_tag-39","8":"product_tag-gold","9":"product_tag-motocross","10":"product_tag-mx","11":"product_tag-supermoto","12":"product_shipping_class-kotimaa-normaali","14":"first","15":"instock","16":"taxable","17":"shipping-taxable","18":"purchasable","19":"product-type-simple"},"aioseo_notices":[],"_links":{"self":[{"href":"https:\/\/www.euroket.fi\/kauppa\/wp-json\/wp\/v2\/product\/261","targetHints":{"allow":["GET"]}}],"collection":[{"href":"https:\/\/www.euroket.fi\/kauppa\/wp-json\/wp\/v2\/product"}],"about":[{"href":"https:\/\/www.euroket.fi\/kauppa\/wp-json\/wp\/v2\/types\/product"}],"wp:featuredmedia":[{"embeddable":true,"href":"https:\/\/www.euroket.fi\/kauppa\/wp-json\/wp\/v2\/media\/262"}],"wp:attachment":[{"href":"https:\/\/www.euroket.fi\/kauppa\/wp-json\/wp\/v2\/media?parent=261"}],"wp:term":[{"taxonomy":"product_brand","embeddable":true,"href":"https:\/\/www.euroket.fi\/kauppa\/wp-json\/wp\/v2\/product_brand?post=261"},{"taxonomy":"product_cat","embeddable":true,"href":"https:\/\/www.euroket.fi\/kauppa\/wp-json\/wp\/v2\/product_cat?post=261"},{"taxonomy":"product_tag","embeddable":true,"href":"https:\/\/www.euroket.fi\/kauppa\/wp-json\/wp\/v2\/product_tag?post=261"}],"curies":[{"name":"wp","href":"https:\/\/api.w.org\/{rel}","templated":true}]}}