{"id":249,"date":"2021-03-31T09:58:32","date_gmt":"2021-03-31T07:58:32","guid":{"rendered":"https:\/\/www.euroket.fi\/kauppa\/?post_type=product&#038;p=249"},"modified":"2021-03-31T11:59:27","modified_gmt":"2021-03-31T09:59:27","slug":"huoltotyokalu-vzr-6","status":"publish","type":"product","link":"https:\/\/www.euroket.fi\/kauppa\/tuote\/huoltotyokalu-vzr-6\/","title":{"rendered":"Huoltoty\u00f6kalu VZR 6"},"content":{"rendered":"<p>Uuden sukupolven VZR 6 -asennusv\u00e4line sulkee ketjun luotettavasti niittilenkill\u00e4.<br \/>\nKoko sarjaan kuuluvien kesken\u00e4\u00e4n vaihdettavien adapterien avulla voit sulkea ketjut, niitata ne ja my\u00f6s irrottaa ne.<br \/>\nHuomautus: VZR 6 -asennusv\u00e4line on suunniteltu mitoiltaan vain sellaisten \u010cZ-ketjujen asennukseen ja irrotukseen, joiden hammasv\u00e4li on<br \/>\n15 858 mm.<\/p>\n","protected":false},"excerpt":{"rendered":"<p>Uuden sukupolven VZR 6 -asennusv\u00e4line sulkee ketjun luotettavasti niittilenkill\u00e4. Koko sarjaan kuuluvien kesken\u00e4\u00e4n vaihdettavien adapterien avulla voit sulkea ketjut, niitata ne ja my\u00f6s irrottaa ne. Huomautus: VZR 6 -asennusv\u00e4line on suunniteltu mitoiltaan vain sellaisten \u010cZ-ketjujen asennukseen ja irrotukseen, joiden hammasv\u00e4li on 15 858 mm.<\/p>\n","protected":false},"featured_media":251,"template":"","meta":[],"product_brand":[],"product_cat":[31],"product_tag":[40,42,38,41],"class_list":{"0":"post-249","1":"product","2":"type-product","3":"status-publish","4":"has-post-thumbnail","6":"product_cat-moottoripyoranketjut","7":"product_tag-huolto","8":"product_tag-ketjuliitos","9":"product_tag-moottoripyoranketjut","10":"product_tag-tyokalu","11":"product_shipping_class-kotimaa-normaali","13":"first","14":"instock","15":"taxable","16":"shipping-taxable","17":"purchasable","18":"product-type-simple"},"aioseo_notices":[],"_links":{"self":[{"href":"https:\/\/www.euroket.fi\/kauppa\/wp-json\/wp\/v2\/product\/249","targetHints":{"allow":["GET"]}}],"collection":[{"href":"https:\/\/www.euroket.fi\/kauppa\/wp-json\/wp\/v2\/product"}],"about":[{"href":"https:\/\/www.euroket.fi\/kauppa\/wp-json\/wp\/v2\/types\/product"}],"wp:featuredmedia":[{"embeddable":true,"href":"https:\/\/www.euroket.fi\/kauppa\/wp-json\/wp\/v2\/media\/251"}],"wp:attachment":[{"href":"https:\/\/www.euroket.fi\/kauppa\/wp-json\/wp\/v2\/media?parent=249"}],"wp:term":[{"taxonomy":"product_brand","embeddable":true,"href":"https:\/\/www.euroket.fi\/kauppa\/wp-json\/wp\/v2\/product_brand?post=249"},{"taxonomy":"product_cat","embeddable":true,"href":"https:\/\/www.euroket.fi\/kauppa\/wp-json\/wp\/v2\/product_cat?post=249"},{"taxonomy":"product_tag","embeddable":true,"href":"https:\/\/www.euroket.fi\/kauppa\/wp-json\/wp\/v2\/product_tag?post=249"}],"curies":[{"name":"wp","href":"https:\/\/api.w.org\/{rel}","templated":true}]}}