{"id":213,"date":"2019-01-07T11:02:34","date_gmt":"2019-01-07T09:02:34","guid":{"rendered":"https:\/\/www.euroket.fi\/kauppa\/?post_type=product&#038;p=213"},"modified":"2022-12-13T12:30:23","modified_gmt":"2022-12-13T10:30:23","slug":"520-kopiostreet-sarja","status":"publish","type":"product","link":"https:\/\/www.euroket.fi\/kauppa\/tuote\/520-kopiostreet-sarja\/","title":{"rendered":"520 ORH, STREET-SARJA 120 Lenkki\u00e4"},"content":{"rendered":"<p>ACTIVE-RENKAIDEN SARJA<\/p>\n<p><strong>Active-rengastiivisteen p\u00e4\u00e4ominaisuus on sen pitk\u00e4 k\u00e4ytt\u00f6ik\u00e4 katumoottoripy\u00f6r\u00e4n nopealla k\u00e4yt\u00f6ll\u00e4. Etenkin DZX-merkinn\u00e4ll\u00e4 varustetut<br \/>\ntyypit korvaavat t\u00e4ysin uuden moottoripy\u00f6r\u00e4n kanssa ostamasi alkuper\u00e4iset ketjut. Niit\u00e4 voidaan taatusti k\u00e4ytt\u00e4\u00e4 kilpa-ajoon.<\/strong><\/p>\n<p>HUOM! Tapauksissa jossa toimitusosoite lossin takana, otathan yhteytt\u00e4 ennen tilausta: myynti@euroket.fi tai 0440724311<\/p>\n","protected":false},"excerpt":{"rendered":"<p><a href=\"https:\/\/www.euroket.fi\/kauppa\/wp-content\/uploads\/2019\/01\/arv.jpg\"><img loading=\"lazy\" decoding=\"async\" class=\"alignnone size-medium wp-image-216\" src=\"https:\/\/www.euroket.fi\/kauppa\/wp-content\/uploads\/2019\/01\/arv-300x57.jpg\" alt=\"\" width=\"300\" height=\"57\" srcset=\"https:\/\/www.euroket.fi\/kauppa\/wp-content\/uploads\/2019\/01\/arv-300x57.jpg 300w, https:\/\/www.euroket.fi\/kauppa\/wp-content\/uploads\/2019\/01\/arv-600x113.jpg 600w, https:\/\/www.euroket.fi\/kauppa\/wp-content\/uploads\/2019\/01\/arv-768x145.jpg 768w, https:\/\/www.euroket.fi\/kauppa\/wp-content\/uploads\/2019\/01\/arv-1024x193.jpg 1024w, https:\/\/www.euroket.fi\/kauppa\/wp-content\/uploads\/2019\/01\/arv.jpg 1416w\" sizes=\"auto, (max-width: 300px) 100vw, 300px\" \/><\/a><\/p>\n","protected":false},"featured_media":850,"template":"","meta":[],"product_brand":[],"product_cat":[31],"product_tag":[34,32,33],"class_list":{"0":"post-213","1":"product","2":"type-product","3":"status-publish","4":"has-post-thumbnail","6":"product_cat-moottoripyoranketjut","7":"product_tag-active-rengastiiviste","8":"product_tag-moottoripyoran-ketjut","9":"product_tag-street","11":"first","12":"outofstock","13":"taxable","14":"shipping-taxable","15":"purchasable","16":"product-type-simple"},"aioseo_notices":[],"_links":{"self":[{"href":"https:\/\/www.euroket.fi\/kauppa\/wp-json\/wp\/v2\/product\/213","targetHints":{"allow":["GET"]}}],"collection":[{"href":"https:\/\/www.euroket.fi\/kauppa\/wp-json\/wp\/v2\/product"}],"about":[{"href":"https:\/\/www.euroket.fi\/kauppa\/wp-json\/wp\/v2\/types\/product"}],"wp:featuredmedia":[{"embeddable":true,"href":"https:\/\/www.euroket.fi\/kauppa\/wp-json\/wp\/v2\/media\/850"}],"wp:attachment":[{"href":"https:\/\/www.euroket.fi\/kauppa\/wp-json\/wp\/v2\/media?parent=213"}],"wp:term":[{"taxonomy":"product_brand","embeddable":true,"href":"https:\/\/www.euroket.fi\/kauppa\/wp-json\/wp\/v2\/product_brand?post=213"},{"taxonomy":"product_cat","embeddable":true,"href":"https:\/\/www.euroket.fi\/kauppa\/wp-json\/wp\/v2\/product_cat?post=213"},{"taxonomy":"product_tag","embeddable":true,"href":"https:\/\/www.euroket.fi\/kauppa\/wp-json\/wp\/v2\/product_tag?post=213"}],"curies":[{"name":"wp","href":"https:\/\/api.w.org\/{rel}","templated":true}]}}