{"id":1026,"date":"2021-12-15T12:18:38","date_gmt":"2021-12-15T10:18:38","guid":{"rendered":"https:\/\/www.euroket.fi\/kauppa\/?post_type=product&#038;p=1026"},"modified":"2026-01-15T11:58:57","modified_gmt":"2026-01-15T09:58:57","slug":"kohlswa-sweden-n-55-ketjulenkki","status":"publish","type":"product","link":"https:\/\/www.euroket.fi\/kauppa\/tuote\/kohlswa-sweden-n-55-ketjulenkki\/","title":{"rendered":"Kohlswa Sweden n.55 Ketjulenkki"},"content":{"rendered":"<p><a href=\"https:\/\/www.euroket.fi\/kauppa\/wp-content\/uploads\/2019\/01\/Kohllogo2.jpg\"><img loading=\"lazy\" decoding=\"async\" class=\"alignnone size-medium wp-image-326\" src=\"https:\/\/www.euroket.fi\/kauppa\/wp-content\/uploads\/2019\/01\/Kohllogo2-300x157.jpg\" alt=\"\" width=\"300\" height=\"157\" srcset=\"https:\/\/www.euroket.fi\/kauppa\/wp-content\/uploads\/2019\/01\/Kohllogo2-300x157.jpg 300w, https:\/\/www.euroket.fi\/kauppa\/wp-content\/uploads\/2019\/01\/Kohllogo2.jpg 361w\" sizes=\"auto, (max-width: 300px) 100vw, 300px\" \/><\/a><\/p>\n<p>Myyntier\u00e4 120 kpl. 5,004m. Myyd\u00e4\u00e4n t\u00e4ysin\u00e4 nippuina<\/p>\n<p>myynti@euroket.fi<\/p>\n<p>HUOM! Tapauksissa jossa toimitusosoite lossin takana, otathan yhteytt\u00e4 ennen tilausta: myynti@euroket.fi tai 0440724311<\/p>\n","protected":false},"excerpt":{"rendered":"<p>Myyntier\u00e4 120 kpl. 5,004m. Myyd\u00e4\u00e4n t\u00e4ysin\u00e4 nippuina myynti@euroket.fi HUOM! Tapauksissa jossa toimitusosoite lossin takana, otathan yhteytt\u00e4 ennen tilausta: myynti@euroket.fi tai 0440724311<\/p>\n","protected":false},"featured_media":1028,"template":"","meta":[],"product_brand":[],"product_cat":[72],"product_tag":[73,71],"class_list":{"0":"post-1026","1":"product","2":"type-product","3":"status-publish","4":"has-post-thumbnail","6":"product_cat-maatalousketjut","7":"product_tag-kohlswa","8":"product_tag-maatalousketju","9":"product_shipping_class-kotimaa-normaali","11":"first","12":"instock","13":"taxable","14":"shipping-taxable","15":"purchasable","16":"product-type-simple"},"aioseo_notices":[],"_links":{"self":[{"href":"https:\/\/www.euroket.fi\/kauppa\/wp-json\/wp\/v2\/product\/1026","targetHints":{"allow":["GET"]}}],"collection":[{"href":"https:\/\/www.euroket.fi\/kauppa\/wp-json\/wp\/v2\/product"}],"about":[{"href":"https:\/\/www.euroket.fi\/kauppa\/wp-json\/wp\/v2\/types\/product"}],"wp:featuredmedia":[{"embeddable":true,"href":"https:\/\/www.euroket.fi\/kauppa\/wp-json\/wp\/v2\/media\/1028"}],"wp:attachment":[{"href":"https:\/\/www.euroket.fi\/kauppa\/wp-json\/wp\/v2\/media?parent=1026"}],"wp:term":[{"taxonomy":"product_brand","embeddable":true,"href":"https:\/\/www.euroket.fi\/kauppa\/wp-json\/wp\/v2\/product_brand?post=1026"},{"taxonomy":"product_cat","embeddable":true,"href":"https:\/\/www.euroket.fi\/kauppa\/wp-json\/wp\/v2\/product_cat?post=1026"},{"taxonomy":"product_tag","embeddable":true,"href":"https:\/\/www.euroket.fi\/kauppa\/wp-json\/wp\/v2\/product_tag?post=1026"}],"curies":[{"name":"wp","href":"https:\/\/api.w.org\/{rel}","templated":true}]}}